{"id":9770,"date":"2016-05-20T13:30:22","date_gmt":"2016-05-20T13:30:22","guid":{"rendered":"http:\/\/roboline.wpenginepowered.com\/it\/?page_id=9770"},"modified":"2017-01-13T13:16:26","modified_gmt":"2017-01-13T13:16:26","slug":"s7","status":"publish","type":"page","link":"https:\/\/www.sytrama.com\/it\/prodotti\/small-robots\/s7\/","title":{"rendered":"S7"},"content":{"rendered":"<h2><strong>IDONEO ALLE PRESSE DA 70-250 TONNELLATE<\/strong><img loading=\"lazy\" decoding=\"async\" class=\"alignright wp-image-9924\" src=\"http:\/\/roboline.wpenginepowered.com\/wp-content\/uploads\/S7-L_821.png\" alt=\"S7\" width=\"437\" height=\"390\" srcset=\"https:\/\/www.sytrama.com\/wp-content\/uploads\/S7-L_821.png 821w, https:\/\/www.sytrama.com\/wp-content\/uploads\/S7-L_821-150x134.png 150w, https:\/\/www.sytrama.com\/wp-content\/uploads\/S7-L_821-300x268.png 300w, https:\/\/www.sytrama.com\/wp-content\/uploads\/S7-L_821-768x686.png 768w, https:\/\/www.sytrama.com\/wp-content\/uploads\/S7-L_821-277x247.png 277w\" sizes=\"auto, (max-width: 437px) 100vw, 437px\" \/><\/h2>\n<p>Sulle presse di piccolo tonnellaggio, il modello S7 \u00e8 la scelta per chi necessita un robot di piccola taglia ma dalle grandi funzionalit\u00e0. Il pi\u00f9 piccolo robot della Serie S dispone infatti del potente controllo SCP2, che lo rende altamente flessibile alle esigenze del cliente.<\/p>\n<p>Disponibile nei modelli S7-S ed S7-L, questo robot copre la gamma di presse dalle 70 alle 250 tonnellate.<\/p>\n<p><a href=\"http:\/\/roboline.wpenginepowered.com\/wp-content\/uploads\/Brochure_Scheda_S7.pdf\" target=\"_blank\"><img loading=\"lazy\" decoding=\"async\" class=\"alignnone  wp-image-9919\" src=\"http:\/\/roboline.wpenginepowered.com\/wp-content\/uploads\/PDF-icon.png\" alt=\"PDF icon\" width=\"20\" height=\"21\" \/><\/a>\u00a0<a href=\"http:\/\/www.sytrama.com\/wp-content\/uploads\/Scheda-S7.pdf\" target=\"_blank\">Scarica Brochure<\/a><\/p>\n<p><a href=\"http:\/\/roboline.wpenginepowered.com\/wp-content\/uploads\/StandardLayout_S7.zip\"><img loading=\"lazy\" decoding=\"async\" class=\"alignnone  wp-image-9918\" src=\"http:\/\/roboline.wpenginepowered.com\/wp-content\/uploads\/DXF-icon.png\" alt=\"DXF icon\" width=\"20\" height=\"21\" \/> Scarica Layout<\/a><\/p>\n<div class=\"responsive-tabs\">\n<h2 class=\"tabtitle\">Specifiche Tecniche<\/h2>\n<div class=\"tabcontent\">\n\n<p><strong>SPECIFICHE TECNICHE ROBOT<\/strong><\/p>\n<p><img loading=\"lazy\" decoding=\"async\" class=\"alignnone wp-image-9941 size-full\" src=\"http:\/\/roboline.wpenginepowered.com\/wp-content\/uploads\/S7-IT.png\" width=\"962\" height=\"787\" srcset=\"https:\/\/www.sytrama.com\/wp-content\/uploads\/S7-IT.png 962w, https:\/\/www.sytrama.com\/wp-content\/uploads\/S7-IT-150x123.png 150w, https:\/\/www.sytrama.com\/wp-content\/uploads\/S7-IT-300x245.png 300w, https:\/\/www.sytrama.com\/wp-content\/uploads\/S7-IT-768x628.png 768w, https:\/\/www.sytrama.com\/wp-content\/uploads\/S7-IT-302x247.png 302w\" sizes=\"auto, (max-width: 962px) 100vw, 962px\" \/><\/p>\n\n<\/div><h2 class=\"tabtitle\">Caratteristiche<\/h2>\n<div class=\"tabcontent\">\n\n<ul>\n<li>Asse verticale non telescopico<\/li>\n<li>Pattini e guide prismatiche<\/li>\n<li>Servomotori brushless e riduttori epicicloidali<\/li>\n<li>Movimentazione a cinghia su assi verticale e traverso<\/li>\n<li>Movimentazione a pignone e cremagliera su asse di estrazione<\/li>\n<li>Asse traverso in acciaio<\/li>\n<li>Assi verticale ed estrazione in alluminio<\/li>\n<li>Ribaltamento pneumatico 0\u00b0-90\u00b0<\/li>\n<li>1x Circuito del vuoto<\/li>\n<li>1x Circuito pneumatico<\/li>\n<li>Interfaccia Euromap 67<\/li>\n<\/ul>\n\n<\/div><h2 class=\"tabtitle\">Controllo<\/h2>\n<div class=\"tabcontent\">\n\n<h2>PANNELLO DI CONTROLLO SCP2<\/h2>\n<p><img loading=\"lazy\" decoding=\"async\" class=\"wp-image-9866 size-thumbnail alignleft\" src=\"http:\/\/roboline.wpenginepowered.com\/wp-content\/uploads\/SCP2-fronte-105x150.png\" alt=\"SCP2\" width=\"105\" height=\"150\" srcset=\"https:\/\/www.sytrama.com\/wp-content\/uploads\/SCP2-fronte-105x150.png 105w, https:\/\/www.sytrama.com\/wp-content\/uploads\/SCP2-fronte-211x300.png 211w, https:\/\/www.sytrama.com\/wp-content\/uploads\/SCP2-fronte-174x247.png 174w, https:\/\/www.sytrama.com\/wp-content\/uploads\/SCP2-fronte.png 713w\" sizes=\"auto, (max-width: 105px) 100vw, 105px\" \/><\/p>\n<p>Ottieni di pi\u00f9 dal versatile controllo SCP2. <a href=\"https:\/\/www.sytrama.com\/it\/prodotti\/control-panels\/scp2\/\">Continua a leggere\u2026<\/a><\/p>\n\n<\/div><h2 class=\"tabtitle\">Opzioni<\/h2>\n<div class=\"tabcontent\">\n\n<ul>\n<li>Rotazione pneumatica asse A e\/o B<\/li>\n<li>Estensione asse traverso<\/li>\n<li>Circuiti addizionali del vuoto<\/li>\n<li>Circuiti pneumatici addizionali<\/li>\n<li>Convertitore E67\/E12<\/li>\n<li>Mano di presa standard a ventose<\/li>\n<li>Attacco rapido per mano di presa<\/li>\n<li>Kit Energy Saving<\/li>\n<li>Verniciatura personalizzata<\/li>\n<\/ul>\n<\/div><\/div>\n","protected":false},"excerpt":{"rendered":"<p>IDONEO ALLE PRESSE DA 70-250 TONNELLATE Sulle presse di piccolo tonnellaggio, il modello S7 \u00e8 la scelta per chi necessita &hellip; <a href=\"https:\/\/www.sytrama.com\/it\/prodotti\/small-robots\/s7\/\" class=\"more-link\">Continua a leggere <span class=\"screen-reader-text\">S7<\/span> <span class=\"meta-nav\">\u2192<\/span><\/a><\/p>\n","protected":false},"author":41,"featured_media":0,"parent":9516,"menu_order":0,"comment_status":"closed","ping_status":"closed","template":"","meta":{"footnotes":""},"class_list":["post-9770","page","type-page","status-publish","hentry"],"yoast_head":"<!-- This site is optimized with the Yoast SEO plugin v27.2 - https:\/\/yoast.com\/product\/yoast-seo-wordpress\/ -->\n<title>S7 - Sytrama<\/title>\n<meta name=\"robots\" content=\"index, follow, max-snippet:-1, max-image-preview:large, max-video-preview:-1\" \/>\n<link rel=\"canonical\" href=\"https:\/\/www.sytrama.com\/it\/prodotti\/small-robots\/s7\/\" \/>\n<meta property=\"og:locale\" content=\"it_IT\" \/>\n<meta property=\"og:type\" content=\"article\" \/>\n<meta property=\"og:title\" content=\"S7 - Sytrama\" \/>\n<meta property=\"og:description\" content=\"IDONEO ALLE PRESSE DA 70-250 TONNELLATE Sulle presse di piccolo tonnellaggio, il modello S7 \u00e8 la scelta per chi necessita &hellip; Continua a leggere S7 \u2192\" \/>\n<meta property=\"og:url\" content=\"https:\/\/www.sytrama.com\/it\/prodotti\/small-robots\/s7\/\" \/>\n<meta property=\"og:site_name\" content=\"Sytrama\" \/>\n<meta property=\"article:modified_time\" content=\"2017-01-13T13:16:26+00:00\" \/>\n<meta property=\"og:image\" content=\"http:\/\/roboline.wpenginepowered.com\/wp-content\/uploads\/S7-L_821.png\" \/>\n<meta name=\"twitter:card\" content=\"summary_large_image\" \/>\n<meta name=\"twitter:label1\" content=\"Tempo di lettura stimato\" \/>\n\t<meta name=\"twitter:data1\" content=\"1 minuto\" \/>\n<script type=\"application\/ld+json\" class=\"yoast-schema-graph\">{\"@context\":\"https:\/\/schema.org\",\"@graph\":[{\"@type\":\"WebPage\",\"@id\":\"https:\/\/www.sytrama.com\/it\/prodotti\/small-robots\/s7\/\",\"url\":\"https:\/\/www.sytrama.com\/it\/prodotti\/small-robots\/s7\/\",\"name\":\"S7 - Sytrama\",\"isPartOf\":{\"@id\":\"https:\/\/www.sytrama.com\/en-us\/#website\"},\"primaryImageOfPage\":{\"@id\":\"https:\/\/www.sytrama.com\/it\/prodotti\/small-robots\/s7\/#primaryimage\"},\"image\":{\"@id\":\"https:\/\/www.sytrama.com\/it\/prodotti\/small-robots\/s7\/#primaryimage\"},\"thumbnailUrl\":\"http:\/\/roboline.wpenginepowered.com\/wp-content\/uploads\/S7-L_821.png\",\"datePublished\":\"2016-05-20T13:30:22+00:00\",\"dateModified\":\"2017-01-13T13:16:26+00:00\",\"breadcrumb\":{\"@id\":\"https:\/\/www.sytrama.com\/it\/prodotti\/small-robots\/s7\/#breadcrumb\"},\"inLanguage\":\"it-IT\",\"potentialAction\":[{\"@type\":\"ReadAction\",\"target\":[\"https:\/\/www.sytrama.com\/it\/prodotti\/small-robots\/s7\/\"]}]},{\"@type\":\"ImageObject\",\"inLanguage\":\"it-IT\",\"@id\":\"https:\/\/www.sytrama.com\/it\/prodotti\/small-robots\/s7\/#primaryimage\",\"url\":\"http:\/\/roboline.wpenginepowered.com\/wp-content\/uploads\/S7-L_821.png\",\"contentUrl\":\"http:\/\/roboline.wpenginepowered.com\/wp-content\/uploads\/S7-L_821.png\"},{\"@type\":\"BreadcrumbList\",\"@id\":\"https:\/\/www.sytrama.com\/it\/prodotti\/small-robots\/s7\/#breadcrumb\",\"itemListElement\":[{\"@type\":\"ListItem\",\"position\":1,\"name\":\"Home\",\"item\":\"http:\/\/www.sytrama.com\/it\/\"},{\"@type\":\"ListItem\",\"position\":2,\"name\":\"PRODOTTI\",\"item\":\"http:\/\/www.sytrama.com\/it\/prodotti\/\"},{\"@type\":\"ListItem\",\"position\":3,\"name\":\"ROBOT PER PRESSE DI TAGLIA PICCOLA\",\"item\":\"https:\/\/www.sytrama.com\/it\/prodotti\/small-robots\/\"},{\"@type\":\"ListItem\",\"position\":4,\"name\":\"S7\"}]},{\"@type\":\"WebSite\",\"@id\":\"https:\/\/www.sytrama.com\/en-us\/#website\",\"url\":\"https:\/\/www.sytrama.com\/en-us\/\",\"name\":\"Sytrama\",\"description\":\"Automation for Plastic Industry\",\"potentialAction\":[{\"@type\":\"SearchAction\",\"target\":{\"@type\":\"EntryPoint\",\"urlTemplate\":\"https:\/\/www.sytrama.com\/en-us\/?s={search_term_string}\"},\"query-input\":{\"@type\":\"PropertyValueSpecification\",\"valueRequired\":true,\"valueName\":\"search_term_string\"}}],\"inLanguage\":\"it-IT\"}]}<\/script>\n<!-- \/ Yoast SEO plugin. -->","yoast_head_json":{"title":"S7 - Sytrama","robots":{"index":"index","follow":"follow","max-snippet":"max-snippet:-1","max-image-preview":"max-image-preview:large","max-video-preview":"max-video-preview:-1"},"canonical":"https:\/\/www.sytrama.com\/it\/prodotti\/small-robots\/s7\/","og_locale":"it_IT","og_type":"article","og_title":"S7 - Sytrama","og_description":"IDONEO ALLE PRESSE DA 70-250 TONNELLATE Sulle presse di piccolo tonnellaggio, il modello S7 \u00e8 la scelta per chi necessita &hellip; Continua a leggere S7 \u2192","og_url":"https:\/\/www.sytrama.com\/it\/prodotti\/small-robots\/s7\/","og_site_name":"Sytrama","article_modified_time":"2017-01-13T13:16:26+00:00","og_image":[{"url":"http:\/\/roboline.wpenginepowered.com\/wp-content\/uploads\/S7-L_821.png","type":"","width":"","height":""}],"twitter_card":"summary_large_image","twitter_misc":{"Tempo di lettura stimato":"1 minuto"},"schema":{"@context":"https:\/\/schema.org","@graph":[{"@type":"WebPage","@id":"https:\/\/www.sytrama.com\/it\/prodotti\/small-robots\/s7\/","url":"https:\/\/www.sytrama.com\/it\/prodotti\/small-robots\/s7\/","name":"S7 - Sytrama","isPartOf":{"@id":"https:\/\/www.sytrama.com\/en-us\/#website"},"primaryImageOfPage":{"@id":"https:\/\/www.sytrama.com\/it\/prodotti\/small-robots\/s7\/#primaryimage"},"image":{"@id":"https:\/\/www.sytrama.com\/it\/prodotti\/small-robots\/s7\/#primaryimage"},"thumbnailUrl":"http:\/\/roboline.wpenginepowered.com\/wp-content\/uploads\/S7-L_821.png","datePublished":"2016-05-20T13:30:22+00:00","dateModified":"2017-01-13T13:16:26+00:00","breadcrumb":{"@id":"https:\/\/www.sytrama.com\/it\/prodotti\/small-robots\/s7\/#breadcrumb"},"inLanguage":"it-IT","potentialAction":[{"@type":"ReadAction","target":["https:\/\/www.sytrama.com\/it\/prodotti\/small-robots\/s7\/"]}]},{"@type":"ImageObject","inLanguage":"it-IT","@id":"https:\/\/www.sytrama.com\/it\/prodotti\/small-robots\/s7\/#primaryimage","url":"http:\/\/roboline.wpenginepowered.com\/wp-content\/uploads\/S7-L_821.png","contentUrl":"http:\/\/roboline.wpenginepowered.com\/wp-content\/uploads\/S7-L_821.png"},{"@type":"BreadcrumbList","@id":"https:\/\/www.sytrama.com\/it\/prodotti\/small-robots\/s7\/#breadcrumb","itemListElement":[{"@type":"ListItem","position":1,"name":"Home","item":"http:\/\/www.sytrama.com\/it\/"},{"@type":"ListItem","position":2,"name":"PRODOTTI","item":"http:\/\/www.sytrama.com\/it\/prodotti\/"},{"@type":"ListItem","position":3,"name":"ROBOT PER PRESSE DI TAGLIA PICCOLA","item":"https:\/\/www.sytrama.com\/it\/prodotti\/small-robots\/"},{"@type":"ListItem","position":4,"name":"S7"}]},{"@type":"WebSite","@id":"https:\/\/www.sytrama.com\/en-us\/#website","url":"https:\/\/www.sytrama.com\/en-us\/","name":"Sytrama","description":"Automation for Plastic Industry","potentialAction":[{"@type":"SearchAction","target":{"@type":"EntryPoint","urlTemplate":"https:\/\/www.sytrama.com\/en-us\/?s={search_term_string}"},"query-input":{"@type":"PropertyValueSpecification","valueRequired":true,"valueName":"search_term_string"}}],"inLanguage":"it-IT"}]}},"_links":{"self":[{"href":"https:\/\/www.sytrama.com\/it\/wp-json\/wp\/v2\/pages\/9770","targetHints":{"allow":["GET"]}}],"collection":[{"href":"https:\/\/www.sytrama.com\/it\/wp-json\/wp\/v2\/pages"}],"about":[{"href":"https:\/\/www.sytrama.com\/it\/wp-json\/wp\/v2\/types\/page"}],"author":[{"embeddable":true,"href":"https:\/\/www.sytrama.com\/it\/wp-json\/wp\/v2\/users\/41"}],"replies":[{"embeddable":true,"href":"https:\/\/www.sytrama.com\/it\/wp-json\/wp\/v2\/comments?post=9770"}],"version-history":[{"count":0,"href":"https:\/\/www.sytrama.com\/it\/wp-json\/wp\/v2\/pages\/9770\/revisions"}],"up":[{"embeddable":true,"href":"https:\/\/www.sytrama.com\/it\/wp-json\/wp\/v2\/pages\/9516"}],"wp:attachment":[{"href":"https:\/\/www.sytrama.com\/it\/wp-json\/wp\/v2\/media?parent=9770"}],"curies":[{"name":"wp","href":"https:\/\/api.w.org\/{rel}","templated":true}]}}