{"id":9670,"date":"2016-05-19T19:56:56","date_gmt":"2016-05-19T18:56:56","guid":{"rendered":"http:\/\/roboline.wpenginepowered.com\/it\/?page_id=9670"},"modified":"2021-09-16T09:57:11","modified_gmt":"2021-09-16T08:57:11","slug":"safety-cages","status":"publish","type":"page","link":"http:\/\/www.sytrama.com\/it\/prodotti\/accessori\/safety-cages\/","title":{"rendered":"PROTEZIONI ANTINFORTUNISTICHE"},"content":{"rendered":"<p>&nbsp;<\/p>\n<p>In una cella di lavoro automatizzata, la sicurezza dell\u2019operatore \u00e8 uno dei fattori pi\u00f9 importanti, anche se spesso sottovalutato. La fornitura standard proposta da Sytrama \u00e8 composta da protezioni montate a terra, con pali in acciaio e pannelli in rete elettrosaldata. In alternativa, vengono proposte protezioni (con telaio in alluminio e pannelli in Lexan) montate a bordo nastro. Altre personalizzazioni sono disponibili su richiesta.<\/p>\n<p>Ogni protezione viene fornita con una pulsantiera equipaggiata di selettore a chiave per la richiesta apertura ripari, di uno stop di emergenza ed un pulsante di reset. Le porte di accesso sono dotate di micro di sicurezza interbloccato che interrompe l\u2019alimentazione elettrica della cella nel caso di apertura della porta stessa. Il dimensionamento della gabbia viene attentamente studiato e realizzato, in maniera tale da soddisfare tutti i requisiti delle normative antinfortunistiche vigenti.<\/p>\n<table style=\"width: 113.574%;\">\n<tbody>\n<tr>\n<td style=\"width: 41.9569%;\"><img loading=\"lazy\" decoding=\"async\" class=\"aligncenter  wp-image-13319\" src=\"http:\/\/www.sytrama.com\/wp-content\/uploads\/Protezioni-Adaptaguard-3.png\" alt=\"Protezioni\" width=\"341\" height=\"339\" srcset=\"http:\/\/www.sytrama.com\/wp-content\/uploads\/Protezioni-Adaptaguard-3.png 1011w, http:\/\/www.sytrama.com\/wp-content\/uploads\/Protezioni-Adaptaguard-3-248x247.png 248w, http:\/\/www.sytrama.com\/wp-content\/uploads\/Protezioni-Adaptaguard-3-150x150.png 150w, http:\/\/www.sytrama.com\/wp-content\/uploads\/Protezioni-Adaptaguard-3-768x764.png 768w\" sizes=\"auto, (max-width: 341px) 100vw, 341px\" \/><\/td>\n<td style=\"width: 3.64842%;\">\u00a0<\/td>\n<td style=\"width: 68.6795%;\"><img loading=\"lazy\" decoding=\"async\" class=\"size-full wp-image-10156 aligncenter\" src=\"http:\/\/roboline.wpenginepowered.com\/wp-content\/uploads\/SafetyCage2_300.jpg\" alt=\"Safety Cage Box\" width=\"447\" height=\"300\" \/><\/td>\n<\/tr>\n<\/tbody>\n<\/table>\n<p><img loading=\"lazy\" decoding=\"async\" class=\"aligncenter  wp-image-13254\" src=\"http:\/\/www.sytrama.com\/wp-content\/uploads\/Nastro-800x3000-PaB-chiav-puls_03.png\" alt=\"\" width=\"369\" height=\"310\" srcset=\"http:\/\/www.sytrama.com\/wp-content\/uploads\/Nastro-800x3000-PaB-chiav-puls_03.png 1873w, http:\/\/www.sytrama.com\/wp-content\/uploads\/Nastro-800x3000-PaB-chiav-puls_03-300x252.png 300w, http:\/\/www.sytrama.com\/wp-content\/uploads\/Nastro-800x3000-PaB-chiav-puls_03-294x247.png 294w, http:\/\/www.sytrama.com\/wp-content\/uploads\/Nastro-800x3000-PaB-chiav-puls_03-150x126.png 150w, http:\/\/www.sytrama.com\/wp-content\/uploads\/Nastro-800x3000-PaB-chiav-puls_03-768x645.png 768w, http:\/\/www.sytrama.com\/wp-content\/uploads\/Nastro-800x3000-PaB-chiav-puls_03-1536x1290.png 1536w\" sizes=\"auto, (max-width: 369px) 100vw, 369px\" \/><\/p>\n","protected":false},"excerpt":{"rendered":"<p>&nbsp; In una cella di lavoro automatizzata, la sicurezza dell\u2019operatore \u00e8 uno dei fattori pi\u00f9 importanti, anche se spesso sottovalutato. &hellip; <a href=\"http:\/\/www.sytrama.com\/it\/prodotti\/accessori\/safety-cages\/\" class=\"more-link\">Continua a leggere <span class=\"screen-reader-text\">PROTEZIONI ANTINFORTUNISTICHE<\/span> <span class=\"meta-nav\">\u2192<\/span><\/a><\/p>\n","protected":false},"author":41,"featured_media":0,"parent":9682,"menu_order":0,"comment_status":"closed","ping_status":"closed","template":"","meta":{"footnotes":""},"class_list":["post-9670","page","type-page","status-publish","hentry"],"yoast_head":"<!-- This site is optimized with the Yoast SEO plugin v27.4 - https:\/\/yoast.com\/product\/yoast-seo-wordpress\/ -->\n<title>PROTEZIONI ANTINFORTUNISTICHE - Sytrama<\/title>\n<meta name=\"robots\" content=\"index, follow, max-snippet:-1, max-image-preview:large, max-video-preview:-1\" \/>\n<link rel=\"canonical\" href=\"http:\/\/www.sytrama.com\/it\/prodotti\/accessori\/safety-cages\/\" \/>\n<meta property=\"og:locale\" content=\"it_IT\" \/>\n<meta property=\"og:type\" content=\"article\" \/>\n<meta property=\"og:title\" content=\"PROTEZIONI ANTINFORTUNISTICHE - Sytrama\" \/>\n<meta property=\"og:description\" content=\"&nbsp; In una cella di lavoro automatizzata, la sicurezza dell\u2019operatore \u00e8 uno dei fattori pi\u00f9 importanti, anche se spesso sottovalutato. &hellip; Continua a leggere PROTEZIONI ANTINFORTUNISTICHE \u2192\" \/>\n<meta property=\"og:url\" content=\"http:\/\/www.sytrama.com\/it\/prodotti\/accessori\/safety-cages\/\" \/>\n<meta property=\"og:site_name\" content=\"Sytrama\" \/>\n<meta property=\"article:modified_time\" content=\"2021-09-16T08:57:11+00:00\" \/>\n<meta property=\"og:image\" content=\"http:\/\/www.sytrama.com\/wp-content\/uploads\/Protezioni-Adaptaguard-3.png\" \/>\n<meta name=\"twitter:card\" content=\"summary_large_image\" \/>\n<meta name=\"twitter:label1\" content=\"Tempo di lettura stimato\" \/>\n\t<meta name=\"twitter:data1\" content=\"2 minuti\" \/>\n<script type=\"application\/ld+json\" class=\"yoast-schema-graph\">{\"@context\":\"https:\\\/\\\/schema.org\",\"@graph\":[{\"@type\":\"WebPage\",\"@id\":\"http:\\\/\\\/www.sytrama.com\\\/it\\\/prodotti\\\/accessori\\\/safety-cages\\\/\",\"url\":\"http:\\\/\\\/www.sytrama.com\\\/it\\\/prodotti\\\/accessori\\\/safety-cages\\\/\",\"name\":\"PROTEZIONI ANTINFORTUNISTICHE - Sytrama\",\"isPartOf\":{\"@id\":\"https:\\\/\\\/www.sytrama.com\\\/it\\\/#website\"},\"primaryImageOfPage\":{\"@id\":\"http:\\\/\\\/www.sytrama.com\\\/it\\\/prodotti\\\/accessori\\\/safety-cages\\\/#primaryimage\"},\"image\":{\"@id\":\"http:\\\/\\\/www.sytrama.com\\\/it\\\/prodotti\\\/accessori\\\/safety-cages\\\/#primaryimage\"},\"thumbnailUrl\":\"http:\\\/\\\/www.sytrama.com\\\/wp-content\\\/uploads\\\/Protezioni-Adaptaguard-3.png\",\"datePublished\":\"2016-05-19T18:56:56+00:00\",\"dateModified\":\"2021-09-16T08:57:11+00:00\",\"breadcrumb\":{\"@id\":\"http:\\\/\\\/www.sytrama.com\\\/it\\\/prodotti\\\/accessori\\\/safety-cages\\\/#breadcrumb\"},\"inLanguage\":\"it-IT\",\"potentialAction\":[{\"@type\":\"ReadAction\",\"target\":[\"http:\\\/\\\/www.sytrama.com\\\/it\\\/prodotti\\\/accessori\\\/safety-cages\\\/\"]}]},{\"@type\":\"ImageObject\",\"inLanguage\":\"it-IT\",\"@id\":\"http:\\\/\\\/www.sytrama.com\\\/it\\\/prodotti\\\/accessori\\\/safety-cages\\\/#primaryimage\",\"url\":\"http:\\\/\\\/www.sytrama.com\\\/wp-content\\\/uploads\\\/Protezioni-Adaptaguard-3.png\",\"contentUrl\":\"http:\\\/\\\/www.sytrama.com\\\/wp-content\\\/uploads\\\/Protezioni-Adaptaguard-3.png\"},{\"@type\":\"BreadcrumbList\",\"@id\":\"http:\\\/\\\/www.sytrama.com\\\/it\\\/prodotti\\\/accessori\\\/safety-cages\\\/#breadcrumb\",\"itemListElement\":[{\"@type\":\"ListItem\",\"position\":1,\"name\":\"Home\",\"item\":\"https:\\\/\\\/www.sytrama.com\\\/it\\\/\"},{\"@type\":\"ListItem\",\"position\":2,\"name\":\"PRODOTTI\",\"item\":\"https:\\\/\\\/www.sytrama.com\\\/it\\\/prodotti\\\/\"},{\"@type\":\"ListItem\",\"position\":3,\"name\":\"ACCESSORI\",\"item\":\"https:\\\/\\\/www.sytrama.com\\\/it\\\/prodotti\\\/accessori\\\/\"},{\"@type\":\"ListItem\",\"position\":4,\"name\":\"PROTEZIONI ANTINFORTUNISTICHE\"}]},{\"@type\":\"WebSite\",\"@id\":\"https:\\\/\\\/www.sytrama.com\\\/it\\\/#website\",\"url\":\"https:\\\/\\\/www.sytrama.com\\\/it\\\/\",\"name\":\"Sytrama\",\"description\":\"Automation for Plastic Industry\",\"potentialAction\":[{\"@type\":\"SearchAction\",\"target\":{\"@type\":\"EntryPoint\",\"urlTemplate\":\"https:\\\/\\\/www.sytrama.com\\\/it\\\/?s={search_term_string}\"},\"query-input\":{\"@type\":\"PropertyValueSpecification\",\"valueRequired\":true,\"valueName\":\"search_term_string\"}}],\"inLanguage\":\"it-IT\"}]}<\/script>\n<!-- \/ Yoast SEO plugin. -->","yoast_head_json":{"title":"PROTEZIONI ANTINFORTUNISTICHE - Sytrama","robots":{"index":"index","follow":"follow","max-snippet":"max-snippet:-1","max-image-preview":"max-image-preview:large","max-video-preview":"max-video-preview:-1"},"canonical":"http:\/\/www.sytrama.com\/it\/prodotti\/accessori\/safety-cages\/","og_locale":"it_IT","og_type":"article","og_title":"PROTEZIONI ANTINFORTUNISTICHE - Sytrama","og_description":"&nbsp; In una cella di lavoro automatizzata, la sicurezza dell\u2019operatore \u00e8 uno dei fattori pi\u00f9 importanti, anche se spesso sottovalutato. &hellip; Continua a leggere PROTEZIONI ANTINFORTUNISTICHE \u2192","og_url":"http:\/\/www.sytrama.com\/it\/prodotti\/accessori\/safety-cages\/","og_site_name":"Sytrama","article_modified_time":"2021-09-16T08:57:11+00:00","og_image":[{"url":"http:\/\/www.sytrama.com\/wp-content\/uploads\/Protezioni-Adaptaguard-3.png","type":"","width":"","height":""}],"twitter_card":"summary_large_image","twitter_misc":{"Tempo di lettura stimato":"2 minuti"},"schema":{"@context":"https:\/\/schema.org","@graph":[{"@type":"WebPage","@id":"http:\/\/www.sytrama.com\/it\/prodotti\/accessori\/safety-cages\/","url":"http:\/\/www.sytrama.com\/it\/prodotti\/accessori\/safety-cages\/","name":"PROTEZIONI ANTINFORTUNISTICHE - Sytrama","isPartOf":{"@id":"https:\/\/www.sytrama.com\/it\/#website"},"primaryImageOfPage":{"@id":"http:\/\/www.sytrama.com\/it\/prodotti\/accessori\/safety-cages\/#primaryimage"},"image":{"@id":"http:\/\/www.sytrama.com\/it\/prodotti\/accessori\/safety-cages\/#primaryimage"},"thumbnailUrl":"http:\/\/www.sytrama.com\/wp-content\/uploads\/Protezioni-Adaptaguard-3.png","datePublished":"2016-05-19T18:56:56+00:00","dateModified":"2021-09-16T08:57:11+00:00","breadcrumb":{"@id":"http:\/\/www.sytrama.com\/it\/prodotti\/accessori\/safety-cages\/#breadcrumb"},"inLanguage":"it-IT","potentialAction":[{"@type":"ReadAction","target":["http:\/\/www.sytrama.com\/it\/prodotti\/accessori\/safety-cages\/"]}]},{"@type":"ImageObject","inLanguage":"it-IT","@id":"http:\/\/www.sytrama.com\/it\/prodotti\/accessori\/safety-cages\/#primaryimage","url":"http:\/\/www.sytrama.com\/wp-content\/uploads\/Protezioni-Adaptaguard-3.png","contentUrl":"http:\/\/www.sytrama.com\/wp-content\/uploads\/Protezioni-Adaptaguard-3.png"},{"@type":"BreadcrumbList","@id":"http:\/\/www.sytrama.com\/it\/prodotti\/accessori\/safety-cages\/#breadcrumb","itemListElement":[{"@type":"ListItem","position":1,"name":"Home","item":"https:\/\/www.sytrama.com\/it\/"},{"@type":"ListItem","position":2,"name":"PRODOTTI","item":"https:\/\/www.sytrama.com\/it\/prodotti\/"},{"@type":"ListItem","position":3,"name":"ACCESSORI","item":"https:\/\/www.sytrama.com\/it\/prodotti\/accessori\/"},{"@type":"ListItem","position":4,"name":"PROTEZIONI ANTINFORTUNISTICHE"}]},{"@type":"WebSite","@id":"https:\/\/www.sytrama.com\/it\/#website","url":"https:\/\/www.sytrama.com\/it\/","name":"Sytrama","description":"Automation for Plastic Industry","potentialAction":[{"@type":"SearchAction","target":{"@type":"EntryPoint","urlTemplate":"https:\/\/www.sytrama.com\/it\/?s={search_term_string}"},"query-input":{"@type":"PropertyValueSpecification","valueRequired":true,"valueName":"search_term_string"}}],"inLanguage":"it-IT"}]}},"_links":{"self":[{"href":"http:\/\/www.sytrama.com\/it\/wp-json\/wp\/v2\/pages\/9670","targetHints":{"allow":["GET"]}}],"collection":[{"href":"http:\/\/www.sytrama.com\/it\/wp-json\/wp\/v2\/pages"}],"about":[{"href":"http:\/\/www.sytrama.com\/it\/wp-json\/wp\/v2\/types\/page"}],"author":[{"embeddable":true,"href":"http:\/\/www.sytrama.com\/it\/wp-json\/wp\/v2\/users\/41"}],"replies":[{"embeddable":true,"href":"http:\/\/www.sytrama.com\/it\/wp-json\/wp\/v2\/comments?post=9670"}],"version-history":[{"count":0,"href":"http:\/\/www.sytrama.com\/it\/wp-json\/wp\/v2\/pages\/9670\/revisions"}],"up":[{"embeddable":true,"href":"http:\/\/www.sytrama.com\/it\/wp-json\/wp\/v2\/pages\/9682"}],"wp:attachment":[{"href":"http:\/\/www.sytrama.com\/it\/wp-json\/wp\/v2\/media?parent=9670"}],"curies":[{"name":"wp","href":"https:\/\/api.w.org\/{rel}","templated":true}]}}