{"id":9538,"date":"2016-05-16T19:31:21","date_gmt":"2016-05-16T19:31:21","guid":{"rendered":"http:\/\/roboline.wpenginepowered.com\/it\/automazione\/standard-workstation\/"},"modified":"2018-01-09T08:14:15","modified_gmt":"2018-01-09T08:14:15","slug":"standard-workstation","status":"publish","type":"page","link":"http:\/\/www.sytrama.com\/it\/automazione\/standard-workstation\/","title":{"rendered":"CELLA DI LAVORO STANDARD"},"content":{"rendered":"<p>&nbsp;<\/p>\n<p>Sytrama, oltre alla fornitura del solo manipolatore, pu\u00f2 fornire le pi\u00f9 comuni soluzioni di automazione standardizzata per i pi\u00f9 frequenti processi produttivi. La pi\u00f9 classica delle quali \u00e8 l\u2019isola di lavoro standard.<\/p>\n<p>La fornitura comprende il robot, il supporto per il fissaggio del robot alla pressa, la mano di presa (standard o personalizzata), un nastro trasportatore di adeguate dimensioni e protezioni antinfortunistiche di accesso alla zona di lavoro.<\/p>\n<p>L\u2019isola di lavoro viene proposta, studiata e personalizzata insieme al cliente per dimensioni e composizione, pur mantenendo prioritaria la fornitura di una cella che rispetti rigorosamente le normative di sicurezza vigenti.<img loading=\"lazy\" decoding=\"async\" class=\"alignright wp-image-10072 size-full\" src=\"http:\/\/roboline.wpenginepowered.com\/wp-content\/uploads\/251G-VH1500-1.jpg\" alt=\"251G + VH1500-1\" width=\"1200\" height=\"1080\" srcset=\"http:\/\/www.sytrama.com\/wp-content\/uploads\/251G-VH1500-1.jpg 1200w, http:\/\/www.sytrama.com\/wp-content\/uploads\/251G-VH1500-1-150x135.jpg 150w, http:\/\/www.sytrama.com\/wp-content\/uploads\/251G-VH1500-1-300x270.jpg 300w, http:\/\/www.sytrama.com\/wp-content\/uploads\/251G-VH1500-1-768x691.jpg 768w, http:\/\/www.sytrama.com\/wp-content\/uploads\/251G-VH1500-1-274x247.jpg 274w\" sizes=\"auto, (max-width: 1200px) 100vw, 1200px\" \/><\/p>\n","protected":false},"excerpt":{"rendered":"<p>&nbsp; Sytrama, oltre alla fornitura del solo manipolatore, pu\u00f2 fornire le pi\u00f9 comuni soluzioni di automazione standardizzata per i pi\u00f9 &hellip; <a href=\"http:\/\/www.sytrama.com\/it\/automazione\/standard-workstation\/\" class=\"more-link\">Continua a leggere <span class=\"screen-reader-text\">CELLA DI LAVORO STANDARD<\/span> <span class=\"meta-nav\">\u2192<\/span><\/a><\/p>\n","protected":false},"author":41,"featured_media":0,"parent":2419,"menu_order":0,"comment_status":"closed","ping_status":"closed","template":"","meta":{"footnotes":""},"class_list":["post-9538","page","type-page","status-publish","hentry"],"yoast_head":"<!-- This site is optimized with the Yoast SEO plugin v27.2 - https:\/\/yoast.com\/product\/yoast-seo-wordpress\/ -->\n<title>CELLA DI LAVORO STANDARD - Sytrama<\/title>\n<meta name=\"robots\" content=\"index, follow, max-snippet:-1, max-image-preview:large, max-video-preview:-1\" \/>\n<link rel=\"canonical\" href=\"http:\/\/www.sytrama.com\/it\/automazione\/standard-workstation\/\" \/>\n<meta property=\"og:locale\" content=\"it_IT\" \/>\n<meta property=\"og:type\" content=\"article\" \/>\n<meta property=\"og:title\" content=\"CELLA DI LAVORO STANDARD - Sytrama\" \/>\n<meta property=\"og:description\" content=\"&nbsp; Sytrama, oltre alla fornitura del solo manipolatore, pu\u00f2 fornire le pi\u00f9 comuni soluzioni di automazione standardizzata per i pi\u00f9 &hellip; Continua a leggere CELLA DI LAVORO STANDARD \u2192\" \/>\n<meta property=\"og:url\" content=\"http:\/\/www.sytrama.com\/it\/automazione\/standard-workstation\/\" \/>\n<meta property=\"og:site_name\" content=\"Sytrama\" \/>\n<meta property=\"article:modified_time\" content=\"2018-01-09T08:14:15+00:00\" \/>\n<meta property=\"og:image\" content=\"http:\/\/roboline.wpenginepowered.com\/wp-content\/uploads\/251G-VH1500-1.jpg\" \/>\n<meta name=\"twitter:card\" content=\"summary_large_image\" \/>\n<meta name=\"twitter:label1\" content=\"Tempo di lettura stimato\" \/>\n\t<meta name=\"twitter:data1\" content=\"1 minuto\" \/>\n<script type=\"application\/ld+json\" class=\"yoast-schema-graph\">{\"@context\":\"https:\/\/schema.org\",\"@graph\":[{\"@type\":\"WebPage\",\"@id\":\"http:\/\/www.sytrama.com\/it\/automazione\/standard-workstation\/\",\"url\":\"http:\/\/www.sytrama.com\/it\/automazione\/standard-workstation\/\",\"name\":\"CELLA DI LAVORO STANDARD - Sytrama\",\"isPartOf\":{\"@id\":\"https:\/\/www.sytrama.com\/it\/#website\"},\"primaryImageOfPage\":{\"@id\":\"http:\/\/www.sytrama.com\/it\/automazione\/standard-workstation\/#primaryimage\"},\"image\":{\"@id\":\"http:\/\/www.sytrama.com\/it\/automazione\/standard-workstation\/#primaryimage\"},\"thumbnailUrl\":\"http:\/\/roboline.wpenginepowered.com\/wp-content\/uploads\/251G-VH1500-1.jpg\",\"datePublished\":\"2016-05-16T19:31:21+00:00\",\"dateModified\":\"2018-01-09T08:14:15+00:00\",\"breadcrumb\":{\"@id\":\"http:\/\/www.sytrama.com\/it\/automazione\/standard-workstation\/#breadcrumb\"},\"inLanguage\":\"it-IT\",\"potentialAction\":[{\"@type\":\"ReadAction\",\"target\":[\"http:\/\/www.sytrama.com\/it\/automazione\/standard-workstation\/\"]}]},{\"@type\":\"ImageObject\",\"inLanguage\":\"it-IT\",\"@id\":\"http:\/\/www.sytrama.com\/it\/automazione\/standard-workstation\/#primaryimage\",\"url\":\"http:\/\/roboline.wpenginepowered.com\/wp-content\/uploads\/251G-VH1500-1.jpg\",\"contentUrl\":\"http:\/\/roboline.wpenginepowered.com\/wp-content\/uploads\/251G-VH1500-1.jpg\"},{\"@type\":\"BreadcrumbList\",\"@id\":\"http:\/\/www.sytrama.com\/it\/automazione\/standard-workstation\/#breadcrumb\",\"itemListElement\":[{\"@type\":\"ListItem\",\"position\":1,\"name\":\"Home\",\"item\":\"https:\/\/www.sytrama.com\/it\/\"},{\"@type\":\"ListItem\",\"position\":2,\"name\":\"AUTOMAZIONI\",\"item\":\"http:\/\/www.sytrama.com\/it\/automazione\/\"},{\"@type\":\"ListItem\",\"position\":3,\"name\":\"CELLA DI LAVORO STANDARD\"}]},{\"@type\":\"WebSite\",\"@id\":\"https:\/\/www.sytrama.com\/it\/#website\",\"url\":\"https:\/\/www.sytrama.com\/it\/\",\"name\":\"Sytrama\",\"description\":\"Automation for Plastic Industry\",\"potentialAction\":[{\"@type\":\"SearchAction\",\"target\":{\"@type\":\"EntryPoint\",\"urlTemplate\":\"https:\/\/www.sytrama.com\/it\/?s={search_term_string}\"},\"query-input\":{\"@type\":\"PropertyValueSpecification\",\"valueRequired\":true,\"valueName\":\"search_term_string\"}}],\"inLanguage\":\"it-IT\"}]}<\/script>\n<!-- \/ Yoast SEO plugin. -->","yoast_head_json":{"title":"CELLA DI LAVORO STANDARD - Sytrama","robots":{"index":"index","follow":"follow","max-snippet":"max-snippet:-1","max-image-preview":"max-image-preview:large","max-video-preview":"max-video-preview:-1"},"canonical":"http:\/\/www.sytrama.com\/it\/automazione\/standard-workstation\/","og_locale":"it_IT","og_type":"article","og_title":"CELLA DI LAVORO STANDARD - Sytrama","og_description":"&nbsp; Sytrama, oltre alla fornitura del solo manipolatore, pu\u00f2 fornire le pi\u00f9 comuni soluzioni di automazione standardizzata per i pi\u00f9 &hellip; Continua a leggere CELLA DI LAVORO STANDARD \u2192","og_url":"http:\/\/www.sytrama.com\/it\/automazione\/standard-workstation\/","og_site_name":"Sytrama","article_modified_time":"2018-01-09T08:14:15+00:00","og_image":[{"url":"http:\/\/roboline.wpenginepowered.com\/wp-content\/uploads\/251G-VH1500-1.jpg","type":"","width":"","height":""}],"twitter_card":"summary_large_image","twitter_misc":{"Tempo di lettura stimato":"1 minuto"},"schema":{"@context":"https:\/\/schema.org","@graph":[{"@type":"WebPage","@id":"http:\/\/www.sytrama.com\/it\/automazione\/standard-workstation\/","url":"http:\/\/www.sytrama.com\/it\/automazione\/standard-workstation\/","name":"CELLA DI LAVORO STANDARD - Sytrama","isPartOf":{"@id":"https:\/\/www.sytrama.com\/it\/#website"},"primaryImageOfPage":{"@id":"http:\/\/www.sytrama.com\/it\/automazione\/standard-workstation\/#primaryimage"},"image":{"@id":"http:\/\/www.sytrama.com\/it\/automazione\/standard-workstation\/#primaryimage"},"thumbnailUrl":"http:\/\/roboline.wpenginepowered.com\/wp-content\/uploads\/251G-VH1500-1.jpg","datePublished":"2016-05-16T19:31:21+00:00","dateModified":"2018-01-09T08:14:15+00:00","breadcrumb":{"@id":"http:\/\/www.sytrama.com\/it\/automazione\/standard-workstation\/#breadcrumb"},"inLanguage":"it-IT","potentialAction":[{"@type":"ReadAction","target":["http:\/\/www.sytrama.com\/it\/automazione\/standard-workstation\/"]}]},{"@type":"ImageObject","inLanguage":"it-IT","@id":"http:\/\/www.sytrama.com\/it\/automazione\/standard-workstation\/#primaryimage","url":"http:\/\/roboline.wpenginepowered.com\/wp-content\/uploads\/251G-VH1500-1.jpg","contentUrl":"http:\/\/roboline.wpenginepowered.com\/wp-content\/uploads\/251G-VH1500-1.jpg"},{"@type":"BreadcrumbList","@id":"http:\/\/www.sytrama.com\/it\/automazione\/standard-workstation\/#breadcrumb","itemListElement":[{"@type":"ListItem","position":1,"name":"Home","item":"https:\/\/www.sytrama.com\/it\/"},{"@type":"ListItem","position":2,"name":"AUTOMAZIONI","item":"http:\/\/www.sytrama.com\/it\/automazione\/"},{"@type":"ListItem","position":3,"name":"CELLA DI LAVORO STANDARD"}]},{"@type":"WebSite","@id":"https:\/\/www.sytrama.com\/it\/#website","url":"https:\/\/www.sytrama.com\/it\/","name":"Sytrama","description":"Automation for Plastic Industry","potentialAction":[{"@type":"SearchAction","target":{"@type":"EntryPoint","urlTemplate":"https:\/\/www.sytrama.com\/it\/?s={search_term_string}"},"query-input":{"@type":"PropertyValueSpecification","valueRequired":true,"valueName":"search_term_string"}}],"inLanguage":"it-IT"}]}},"_links":{"self":[{"href":"http:\/\/www.sytrama.com\/it\/wp-json\/wp\/v2\/pages\/9538","targetHints":{"allow":["GET"]}}],"collection":[{"href":"http:\/\/www.sytrama.com\/it\/wp-json\/wp\/v2\/pages"}],"about":[{"href":"http:\/\/www.sytrama.com\/it\/wp-json\/wp\/v2\/types\/page"}],"author":[{"embeddable":true,"href":"http:\/\/www.sytrama.com\/it\/wp-json\/wp\/v2\/users\/41"}],"replies":[{"embeddable":true,"href":"http:\/\/www.sytrama.com\/it\/wp-json\/wp\/v2\/comments?post=9538"}],"version-history":[{"count":0,"href":"http:\/\/www.sytrama.com\/it\/wp-json\/wp\/v2\/pages\/9538\/revisions"}],"up":[{"embeddable":true,"href":"http:\/\/www.sytrama.com\/it\/wp-json\/wp\/v2\/pages\/2419"}],"wp:attachment":[{"href":"http:\/\/www.sytrama.com\/it\/wp-json\/wp\/v2\/media?parent=9538"}],"curies":[{"name":"wp","href":"https:\/\/api.w.org\/{rel}","templated":true}]}}