{"id":12792,"date":"2021-04-09T10:15:39","date_gmt":"2021-04-09T09:15:39","guid":{"rendered":"http:\/\/www.sytrama.com\/?page_id=12792"},"modified":"2021-09-16T09:02:24","modified_gmt":"2021-09-16T08:02:24","slug":"s6","status":"publish","type":"page","link":"http:\/\/www.sytrama.com\/it\/prodotti\/small-robots\/s6\/","title":{"rendered":"S6"},"content":{"rendered":"<h2><strong>IDONEO ALLE PRESSE DA 50-130 TONNELLATE<\/strong><img loading=\"lazy\" decoding=\"async\" class=\"wp-image-13020 alignright\" src=\"http:\/\/www.sytrama.com\/wp-content\/uploads\/S6-S.png\" alt=\"\" width=\"480\" height=\"373\" srcset=\"http:\/\/www.sytrama.com\/wp-content\/uploads\/S6-S.png 3543w, http:\/\/www.sytrama.com\/wp-content\/uploads\/S6-S-300x233.png 300w, http:\/\/www.sytrama.com\/wp-content\/uploads\/S6-S-318x247.png 318w, http:\/\/www.sytrama.com\/wp-content\/uploads\/S6-S-150x117.png 150w, http:\/\/www.sytrama.com\/wp-content\/uploads\/S6-S-768x597.png 768w, http:\/\/www.sytrama.com\/wp-content\/uploads\/S6-S-1536x1194.png 1536w, http:\/\/www.sytrama.com\/wp-content\/uploads\/S6-S-2048x1591.png 2048w\" sizes=\"auto, (max-width: 480px) 100vw, 480px\" \/><\/h2>\n<p>Sulle presse di piccolo tonnellaggio, il modello S6 \u00e8 la scelta per chi necessita un robot di piccola taglia ma dalle grandi funzionalit\u00e0. Il pi\u00f9 piccolo robot della Serie S dispone infatti del potente controllo SCP2, che lo rende altamente flessibile alle esigenze del cliente.<\/p>\n<p>&nbsp;<\/p>\n<p><a href=\"http:\/\/roboline.wpenginepowered.com\/wp-content\/uploads\/Brochure_Scheda_S7.pdf\" target=\"_blank\" rel=\"noopener\"><img loading=\"lazy\" decoding=\"async\" class=\"alignnone  wp-image-9919\" src=\"http:\/\/roboline.wpenginepowered.com\/wp-content\/uploads\/PDF-icon.png\" alt=\"PDF icon\" width=\"20\" height=\"21\" \/><\/a>\u00a0<a href=\"http:\/\/www.sytrama.com\/wp-content\/uploads\/Scheda-S6.pdf\" target=\"_blank\" rel=\"noopener\">Scarica Brochure<\/a><\/p>\n<p data-wp-editing=\"1\"><a href=\"http:\/\/www.sytrama.com\/wp-content\/uploads\/S6-S-QT.zip\"><img loading=\"lazy\" decoding=\"async\" class=\"alignnone  wp-image-9918\" src=\"http:\/\/roboline.wpenginepowered.com\/wp-content\/uploads\/DXF-icon.png\" alt=\"DXF icon\" width=\"20\" height=\"21\" \/> Scarica Layout<\/a><\/p>\n<div class=\"responsive-tabs\">\n<h2 class=\"tabtitle\">Specifiche Tecniche<\/h2>\n<div class=\"tabcontent\">\n\n<p><strong>SPECIFICHE TECNICHE ROBOT<\/strong><\/p>\n<p><img loading=\"lazy\" decoding=\"async\" class=\"aligncenter wp-image-13088 size-full\" src=\"http:\/\/www.sytrama.com\/wp-content\/uploads\/S6-IT.png\" alt=\"\" width=\"965\" height=\"880\" srcset=\"http:\/\/www.sytrama.com\/wp-content\/uploads\/S6-IT.png 965w, http:\/\/www.sytrama.com\/wp-content\/uploads\/S6-IT-300x274.png 300w, http:\/\/www.sytrama.com\/wp-content\/uploads\/S6-IT-271x247.png 271w, http:\/\/www.sytrama.com\/wp-content\/uploads\/S6-IT-150x137.png 150w, http:\/\/www.sytrama.com\/wp-content\/uploads\/S6-IT-768x700.png 768w\" sizes=\"auto, (max-width: 965px) 100vw, 965px\" \/><\/p>\n\n<\/div><h2 class=\"tabtitle\">Caratteristiche<\/h2>\n<div class=\"tabcontent\">\n\n<ul>\n<li>Asse verticale non telescopico<\/li>\n<li>Pattini e guide prismatiche<\/li>\n<li>Servomotori brushless e riduttori epicicloidali<\/li>\n<li>Movimentazione a cinghia su assi verticale e traverso<\/li>\n<li>Movimentazione a pignone e cremagliera su asse di estrazione<\/li>\n<li>Asse traverso in acciaio<\/li>\n<li>Assi verticale ed estrazione in alluminio<\/li>\n<li>Ribaltamento pneumatico 0\u00b0-90\u00b0<\/li>\n<li>1x Circuito del vuoto<\/li>\n<li>1x Circuito pneumatico<\/li>\n<li>Interfaccia Euromap 67<\/li>\n<\/ul>\n\n<\/div><h2 class=\"tabtitle\">Controllo<\/h2>\n<div class=\"tabcontent\">\n\n<h2>PANNELLO DI CONTROLLO SCP2<\/h2>\n<p><img loading=\"lazy\" decoding=\"async\" class=\"wp-image-9866 size-thumbnail alignleft\" src=\"http:\/\/roboline.wpenginepowered.com\/wp-content\/uploads\/SCP2-fronte-105x150.png\" alt=\"SCP2\" width=\"105\" height=\"150\" srcset=\"http:\/\/www.sytrama.com\/wp-content\/uploads\/SCP2-fronte-105x150.png 105w, http:\/\/www.sytrama.com\/wp-content\/uploads\/SCP2-fronte-211x300.png 211w, http:\/\/www.sytrama.com\/wp-content\/uploads\/SCP2-fronte-174x247.png 174w, http:\/\/www.sytrama.com\/wp-content\/uploads\/SCP2-fronte.png 713w\" sizes=\"auto, (max-width: 105px) 100vw, 105px\" \/><\/p>\n<p>Ottieni di pi\u00f9 dal versatile controllo SCP2. <a href=\"http:\/\/www.sytrama.com\/it\/prodotti\/control-panels\/scp2\/\">Continua a leggere\u2026<\/a><\/p>\n\n<\/div><h2 class=\"tabtitle\">Opzioni<\/h2>\n<div class=\"tabcontent\">\n\n<ul>\n<li>Rotazione pneumatica asse A e\/o B<\/li>\n<li>Estensione asse traverso<\/li>\n<li>Circuiti addizionali del vuoto<\/li>\n<li>Circuiti pneumatici addizionali<\/li>\n<li>Convertitore E67\/E12<\/li>\n<li>Mano di presa standard a ventose<\/li>\n<li>Attacco rapido per mano di presa<\/li>\n<li>Kit Energy Saving<\/li>\n<li>Verniciatura personalizzata<\/li>\n<\/ul>\n<\/div><\/div>\n","protected":false},"excerpt":{"rendered":"<p>IDONEO ALLE PRESSE DA 50-130 TONNELLATE Sulle presse di piccolo tonnellaggio, il modello S6 \u00e8 la scelta per chi necessita &hellip; <a href=\"http:\/\/www.sytrama.com\/it\/prodotti\/small-robots\/s6\/\" class=\"more-link\">Continua a leggere <span class=\"screen-reader-text\">S6<\/span> <span class=\"meta-nav\">\u2192<\/span><\/a><\/p>\n","protected":false},"author":41,"featured_media":0,"parent":9516,"menu_order":0,"comment_status":"closed","ping_status":"closed","template":"","meta":{"footnotes":""},"class_list":["post-12792","page","type-page","status-publish","hentry"],"yoast_head":"<!-- This site is optimized with the Yoast SEO plugin v27.2 - https:\/\/yoast.com\/product\/yoast-seo-wordpress\/ -->\n<title>S6 - Sytrama<\/title>\n<meta name=\"robots\" content=\"index, follow, max-snippet:-1, max-image-preview:large, max-video-preview:-1\" \/>\n<link rel=\"canonical\" href=\"https:\/\/www.sytrama.com\/it\/prodotti\/small-robots\/s6\/\" \/>\n<meta property=\"og:locale\" content=\"it_IT\" \/>\n<meta property=\"og:type\" content=\"article\" \/>\n<meta property=\"og:title\" content=\"S6 - Sytrama\" \/>\n<meta property=\"og:description\" content=\"IDONEO ALLE PRESSE DA 50-130 TONNELLATE Sulle presse di piccolo tonnellaggio, il modello S6 \u00e8 la scelta per chi necessita &hellip; Continua a leggere S6 \u2192\" \/>\n<meta property=\"og:url\" content=\"https:\/\/www.sytrama.com\/it\/prodotti\/small-robots\/s6\/\" \/>\n<meta property=\"og:site_name\" content=\"Sytrama\" \/>\n<meta property=\"article:modified_time\" content=\"2021-09-16T08:02:24+00:00\" \/>\n<meta property=\"og:image\" content=\"http:\/\/www.sytrama.com\/wp-content\/uploads\/S6-S.png\" \/>\n<meta name=\"twitter:card\" content=\"summary_large_image\" \/>\n<meta name=\"twitter:label1\" content=\"Tempo di lettura stimato\" \/>\n\t<meta name=\"twitter:data1\" content=\"2 minuti\" \/>\n<script type=\"application\/ld+json\" class=\"yoast-schema-graph\">{\"@context\":\"https:\/\/schema.org\",\"@graph\":[{\"@type\":\"WebPage\",\"@id\":\"https:\/\/www.sytrama.com\/it\/prodotti\/small-robots\/s6\/\",\"url\":\"https:\/\/www.sytrama.com\/it\/prodotti\/small-robots\/s6\/\",\"name\":\"S6 - Sytrama\",\"isPartOf\":{\"@id\":\"http:\/\/www.sytrama.com\/en-us\/#website\"},\"primaryImageOfPage\":{\"@id\":\"https:\/\/www.sytrama.com\/it\/prodotti\/small-robots\/s6\/#primaryimage\"},\"image\":{\"@id\":\"https:\/\/www.sytrama.com\/it\/prodotti\/small-robots\/s6\/#primaryimage\"},\"thumbnailUrl\":\"http:\/\/www.sytrama.com\/wp-content\/uploads\/S6-S.png\",\"datePublished\":\"2021-04-09T09:15:39+00:00\",\"dateModified\":\"2021-09-16T08:02:24+00:00\",\"breadcrumb\":{\"@id\":\"https:\/\/www.sytrama.com\/it\/prodotti\/small-robots\/s6\/#breadcrumb\"},\"inLanguage\":\"it-IT\",\"potentialAction\":[{\"@type\":\"ReadAction\",\"target\":[\"https:\/\/www.sytrama.com\/it\/prodotti\/small-robots\/s6\/\"]}]},{\"@type\":\"ImageObject\",\"inLanguage\":\"it-IT\",\"@id\":\"https:\/\/www.sytrama.com\/it\/prodotti\/small-robots\/s6\/#primaryimage\",\"url\":\"http:\/\/www.sytrama.com\/wp-content\/uploads\/S6-S.png\",\"contentUrl\":\"http:\/\/www.sytrama.com\/wp-content\/uploads\/S6-S.png\"},{\"@type\":\"BreadcrumbList\",\"@id\":\"https:\/\/www.sytrama.com\/it\/prodotti\/small-robots\/s6\/#breadcrumb\",\"itemListElement\":[{\"@type\":\"ListItem\",\"position\":1,\"name\":\"Home\",\"item\":\"http:\/\/www.sytrama.com\/it\/\"},{\"@type\":\"ListItem\",\"position\":2,\"name\":\"PRODOTTI\",\"item\":\"http:\/\/www.sytrama.com\/it\/prodotti\/\"},{\"@type\":\"ListItem\",\"position\":3,\"name\":\"ROBOT PER PRESSE DI TAGLIA PICCOLA\",\"item\":\"https:\/\/www.sytrama.com\/it\/prodotti\/small-robots\/\"},{\"@type\":\"ListItem\",\"position\":4,\"name\":\"S6\"}]},{\"@type\":\"WebSite\",\"@id\":\"http:\/\/www.sytrama.com\/en-us\/#website\",\"url\":\"http:\/\/www.sytrama.com\/en-us\/\",\"name\":\"Sytrama\",\"description\":\"Automation for Plastic Industry\",\"potentialAction\":[{\"@type\":\"SearchAction\",\"target\":{\"@type\":\"EntryPoint\",\"urlTemplate\":\"http:\/\/www.sytrama.com\/en-us\/?s={search_term_string}\"},\"query-input\":{\"@type\":\"PropertyValueSpecification\",\"valueRequired\":true,\"valueName\":\"search_term_string\"}}],\"inLanguage\":\"it-IT\"}]}<\/script>\n<!-- \/ Yoast SEO plugin. -->","yoast_head_json":{"title":"S6 - Sytrama","robots":{"index":"index","follow":"follow","max-snippet":"max-snippet:-1","max-image-preview":"max-image-preview:large","max-video-preview":"max-video-preview:-1"},"canonical":"https:\/\/www.sytrama.com\/it\/prodotti\/small-robots\/s6\/","og_locale":"it_IT","og_type":"article","og_title":"S6 - Sytrama","og_description":"IDONEO ALLE PRESSE DA 50-130 TONNELLATE Sulle presse di piccolo tonnellaggio, il modello S6 \u00e8 la scelta per chi necessita &hellip; Continua a leggere S6 \u2192","og_url":"https:\/\/www.sytrama.com\/it\/prodotti\/small-robots\/s6\/","og_site_name":"Sytrama","article_modified_time":"2021-09-16T08:02:24+00:00","og_image":[{"url":"http:\/\/www.sytrama.com\/wp-content\/uploads\/S6-S.png","type":"","width":"","height":""}],"twitter_card":"summary_large_image","twitter_misc":{"Tempo di lettura stimato":"2 minuti"},"schema":{"@context":"https:\/\/schema.org","@graph":[{"@type":"WebPage","@id":"https:\/\/www.sytrama.com\/it\/prodotti\/small-robots\/s6\/","url":"https:\/\/www.sytrama.com\/it\/prodotti\/small-robots\/s6\/","name":"S6 - Sytrama","isPartOf":{"@id":"http:\/\/www.sytrama.com\/en-us\/#website"},"primaryImageOfPage":{"@id":"https:\/\/www.sytrama.com\/it\/prodotti\/small-robots\/s6\/#primaryimage"},"image":{"@id":"https:\/\/www.sytrama.com\/it\/prodotti\/small-robots\/s6\/#primaryimage"},"thumbnailUrl":"http:\/\/www.sytrama.com\/wp-content\/uploads\/S6-S.png","datePublished":"2021-04-09T09:15:39+00:00","dateModified":"2021-09-16T08:02:24+00:00","breadcrumb":{"@id":"https:\/\/www.sytrama.com\/it\/prodotti\/small-robots\/s6\/#breadcrumb"},"inLanguage":"it-IT","potentialAction":[{"@type":"ReadAction","target":["https:\/\/www.sytrama.com\/it\/prodotti\/small-robots\/s6\/"]}]},{"@type":"ImageObject","inLanguage":"it-IT","@id":"https:\/\/www.sytrama.com\/it\/prodotti\/small-robots\/s6\/#primaryimage","url":"http:\/\/www.sytrama.com\/wp-content\/uploads\/S6-S.png","contentUrl":"http:\/\/www.sytrama.com\/wp-content\/uploads\/S6-S.png"},{"@type":"BreadcrumbList","@id":"https:\/\/www.sytrama.com\/it\/prodotti\/small-robots\/s6\/#breadcrumb","itemListElement":[{"@type":"ListItem","position":1,"name":"Home","item":"http:\/\/www.sytrama.com\/it\/"},{"@type":"ListItem","position":2,"name":"PRODOTTI","item":"http:\/\/www.sytrama.com\/it\/prodotti\/"},{"@type":"ListItem","position":3,"name":"ROBOT PER PRESSE DI TAGLIA PICCOLA","item":"https:\/\/www.sytrama.com\/it\/prodotti\/small-robots\/"},{"@type":"ListItem","position":4,"name":"S6"}]},{"@type":"WebSite","@id":"http:\/\/www.sytrama.com\/en-us\/#website","url":"http:\/\/www.sytrama.com\/en-us\/","name":"Sytrama","description":"Automation for Plastic Industry","potentialAction":[{"@type":"SearchAction","target":{"@type":"EntryPoint","urlTemplate":"http:\/\/www.sytrama.com\/en-us\/?s={search_term_string}"},"query-input":{"@type":"PropertyValueSpecification","valueRequired":true,"valueName":"search_term_string"}}],"inLanguage":"it-IT"}]}},"_links":{"self":[{"href":"http:\/\/www.sytrama.com\/it\/wp-json\/wp\/v2\/pages\/12792","targetHints":{"allow":["GET"]}}],"collection":[{"href":"http:\/\/www.sytrama.com\/it\/wp-json\/wp\/v2\/pages"}],"about":[{"href":"http:\/\/www.sytrama.com\/it\/wp-json\/wp\/v2\/types\/page"}],"author":[{"embeddable":true,"href":"http:\/\/www.sytrama.com\/it\/wp-json\/wp\/v2\/users\/41"}],"replies":[{"embeddable":true,"href":"http:\/\/www.sytrama.com\/it\/wp-json\/wp\/v2\/comments?post=12792"}],"version-history":[{"count":0,"href":"http:\/\/www.sytrama.com\/it\/wp-json\/wp\/v2\/pages\/12792\/revisions"}],"up":[{"embeddable":true,"href":"http:\/\/www.sytrama.com\/it\/wp-json\/wp\/v2\/pages\/9516"}],"wp:attachment":[{"href":"http:\/\/www.sytrama.com\/it\/wp-json\/wp\/v2\/media?parent=12792"}],"curies":[{"name":"wp","href":"https:\/\/api.w.org\/{rel}","templated":true}]}}